{"id":1399,"date":"2025-02-04T12:39:20","date_gmt":"2025-02-04T11:39:20","guid":{"rendered":"https:\/\/atelierduma.sk\/?page_id=1399"},"modified":"2025-02-04T12:39:20","modified_gmt":"2025-02-04T11:39:20","slug":"pracovne-pozicie","status":"publish","type":"page","link":"https:\/\/atelierduma.sk\/de\/pracovne-pozicie\/","title":{"rendered":"Pracovn\u00e9 poz\u00edcie"},"content":{"rendered":"","protected":false},"excerpt":{"rendered":"","protected":false},"author":2,"featured_media":0,"parent":0,"menu_order":0,"comment_status":"closed","ping_status":"closed","template":"","meta":{"_acf_changed":false,"footnotes":""},"class_list":["post-1399","page","type-page","status-publish","hentry"],"acf":[],"yoast_head":"<!-- This site is optimized with the Yoast SEO Premium plugin v24.0 (Yoast SEO v25.6) - https:\/\/yoast.com\/wordpress\/plugins\/seo\/ -->\n<title>Pracovn\u00e9 poz\u00edcie - ATELIER DUMA - LIVING GARDENS<\/title>\n<meta name=\"robots\" content=\"index, follow, max-snippet:-1, max-image-preview:large, max-video-preview:-1\" \/>\n<link rel=\"canonical\" href=\"https:\/\/atelierduma.sk\/de\/pracovne-pozicie\/\" \/>\n<meta property=\"og:locale\" content=\"de_DE\" \/>\n<meta property=\"og:type\" content=\"article\" \/>\n<meta property=\"og:title\" content=\"Pracovn\u00e9 poz\u00edcie\" \/>\n<meta property=\"og:url\" content=\"https:\/\/atelierduma.sk\/de\/pracovne-pozicie\/\" \/>\n<meta property=\"og:site_name\" content=\"ATELIER DUMA - LIVING GARDENS\" \/>\n<meta name=\"twitter:card\" content=\"summary_large_image\" \/>\n<script type=\"application\/ld+json\" class=\"yoast-schema-graph\">{\"@context\":\"https:\/\/schema.org\",\"@graph\":[{\"@type\":\"WebPage\",\"@id\":\"https:\/\/atelierduma.sk\/pracovne-pozicie\/\",\"url\":\"https:\/\/atelierduma.sk\/pracovne-pozicie\/\",\"name\":\"Pracovn\u00e9 poz\u00edcie - ATELIER DUMA - LIVING GARDENS\",\"isPartOf\":{\"@id\":\"https:\/\/atelierduma.sk\/#website\"},\"datePublished\":\"2025-02-04T11:39:20+00:00\",\"breadcrumb\":{\"@id\":\"https:\/\/atelierduma.sk\/pracovne-pozicie\/#breadcrumb\"},\"inLanguage\":\"de\",\"potentialAction\":[{\"@type\":\"ReadAction\",\"target\":[\"https:\/\/atelierduma.sk\/pracovne-pozicie\/\"]}]},{\"@type\":\"BreadcrumbList\",\"@id\":\"https:\/\/atelierduma.sk\/pracovne-pozicie\/#breadcrumb\",\"itemListElement\":[{\"@type\":\"ListItem\",\"position\":1,\"name\":\"Domov\",\"item\":\"https:\/\/atelierduma.sk\/\"},{\"@type\":\"ListItem\",\"position\":2,\"name\":\"Pracovn\u00e9 poz\u00edcie\"}]},{\"@type\":\"WebSite\",\"@id\":\"https:\/\/atelierduma.sk\/#website\",\"url\":\"https:\/\/atelierduma.sk\/\",\"name\":\"ATELIER DUMA - LIVING GARDENS\",\"description\":\"n\u00e1vrh a realiz\u00e1cia z\u00e1hrad\",\"potentialAction\":[{\"@type\":\"SearchAction\",\"target\":{\"@type\":\"EntryPoint\",\"urlTemplate\":\"https:\/\/atelierduma.sk\/?s={search_term_string}\"},\"query-input\":{\"@type\":\"PropertyValueSpecification\",\"valueRequired\":true,\"valueName\":\"search_term_string\"}}],\"inLanguage\":\"de\"}]}<\/script>\n<!-- \/ Yoast SEO Premium plugin. -->","yoast_head_json":{"title":"Pracovn\u00e9 poz\u00edcie - ATELIER DUMA - LIVING GARDENS","robots":{"index":"index","follow":"follow","max-snippet":"max-snippet:-1","max-image-preview":"max-image-preview:large","max-video-preview":"max-video-preview:-1"},"canonical":"https:\/\/atelierduma.sk\/de\/pracovne-pozicie\/","og_locale":"de_DE","og_type":"article","og_title":"Pracovn\u00e9 poz\u00edcie","og_url":"https:\/\/atelierduma.sk\/de\/pracovne-pozicie\/","og_site_name":"ATELIER DUMA - LIVING GARDENS","twitter_card":"summary_large_image","schema":{"@context":"https:\/\/schema.org","@graph":[{"@type":"WebPage","@id":"https:\/\/atelierduma.sk\/pracovne-pozicie\/","url":"https:\/\/atelierduma.sk\/pracovne-pozicie\/","name":"Pracovn\u00e9 poz\u00edcie - ATELIER DUMA - LIVING GARDENS","isPartOf":{"@id":"https:\/\/atelierduma.sk\/#website"},"datePublished":"2025-02-04T11:39:20+00:00","breadcrumb":{"@id":"https:\/\/atelierduma.sk\/pracovne-pozicie\/#breadcrumb"},"inLanguage":"de","potentialAction":[{"@type":"ReadAction","target":["https:\/\/atelierduma.sk\/pracovne-pozicie\/"]}]},{"@type":"BreadcrumbList","@id":"https:\/\/atelierduma.sk\/pracovne-pozicie\/#breadcrumb","itemListElement":[{"@type":"ListItem","position":1,"name":"Domov","item":"https:\/\/atelierduma.sk\/"},{"@type":"ListItem","position":2,"name":"Pracovn\u00e9 poz\u00edcie"}]},{"@type":"WebSite","@id":"https:\/\/atelierduma.sk\/#website","url":"https:\/\/atelierduma.sk\/","name":"ATELIER DUMA - LIVING GARDENS","description":"n\u00e1vrh a realiz\u00e1cia z\u00e1hrad","potentialAction":[{"@type":"SearchAction","target":{"@type":"EntryPoint","urlTemplate":"https:\/\/atelierduma.sk\/?s={search_term_string}"},"query-input":{"@type":"PropertyValueSpecification","valueRequired":true,"valueName":"search_term_string"}}],"inLanguage":"de"}]}},"_links":{"self":[{"href":"https:\/\/atelierduma.sk\/de\/wp-json\/wp\/v2\/pages\/1399","targetHints":{"allow":["GET"]}}],"collection":[{"href":"https:\/\/atelierduma.sk\/de\/wp-json\/wp\/v2\/pages"}],"about":[{"href":"https:\/\/atelierduma.sk\/de\/wp-json\/wp\/v2\/types\/page"}],"author":[{"embeddable":true,"href":"https:\/\/atelierduma.sk\/de\/wp-json\/wp\/v2\/users\/2"}],"replies":[{"embeddable":true,"href":"https:\/\/atelierduma.sk\/de\/wp-json\/wp\/v2\/comments?post=1399"}],"version-history":[{"count":0,"href":"https:\/\/atelierduma.sk\/de\/wp-json\/wp\/v2\/pages\/1399\/revisions"}],"wp:attachment":[{"href":"https:\/\/atelierduma.sk\/de\/wp-json\/wp\/v2\/media?parent=1399"}],"curies":[{"name":"wp","href":"https:\/\/api.w.org\/{rel}","templated":true}]}}